{"id":21506,"date":"2019-10-23T17:18:58","date_gmt":"2019-10-23T15:18:58","guid":{"rendered":"http:\/\/fiorifabi.ch\/uso-casalingo\/"},"modified":"2020-10-01T09:17:21","modified_gmt":"2020-10-01T07:17:21","slug":"uso-casalingo","status":"publish","type":"page","link":"https:\/\/www.fiorifabi.ch\/fr\/uso-casalingo\/","title":{"rendered":"Usage personnel \/ maison"},"content":{"rendered":"<div class=\"fusion-fullwidth fullwidth-box fusion-builder-row-1 nonhundred-percent-fullwidth non-hundred-percent-height-scrolling\" style=\"--awb-border-radius-top-left:0px;--awb-border-radius-top-right:0px;--awb-border-radius-bottom-right:0px;--awb-border-radius-bottom-left:0px;--awb-flex-wrap:wrap;\" ><div class=\"fusion-builder-row fusion-row\"><div class=\"fusion-layout-column fusion_builder_column fusion-builder-column-0 fusion_builder_column_1_2 1_2 fusion-one-half fusion-column-first\" style=\"--awb-bg-size:cover;width:50%;width:calc(50% - ( ( 4% ) * 0.5 ) );margin-right: 4%;\"><div class=\"fusion-column-wrapper fusion-flex-column-wrapper-legacy\"><div class=\"fusion-sep-clear\"><\/div><div class=\"fusion-separator fusion-full-width-sep\" style=\"margin-left: auto;margin-right: auto;margin-top:110px;width:100%;\"><\/div><div class=\"fusion-sep-clear\"><\/div><div class=\"fusion-image-element fusion-image-align-center in-legacy-container\" style=\"text-align:center;--awb-caption-title-font-family:var(--h2_typography-font-family);--awb-caption-title-font-weight:var(--h2_typography-font-weight);--awb-caption-title-font-style:var(--h2_typography-font-style);--awb-caption-title-size:var(--h2_typography-font-size);--awb-caption-title-transform:var(--h2_typography-text-transform);--awb-caption-title-line-height:var(--h2_typography-line-height);--awb-caption-title-letter-spacing:var(--h2_typography-letter-spacing);\"><div class=\"imageframe-align-center\"><span class=\" fusion-imageframe imageframe-none imageframe-1 hover-type-none\"><img decoding=\"async\" width=\"600\" height=\"415\" title=\"casalingoweb\" src=\"https:\/\/www.fiorifabi.ch\/wp-content\/uploads\/2019\/10\/casalingoweb.png\" data-orig-src=\"http:\/\/fiorifabi.ch\/wp-content\/uploads\/2019\/10\/casalingoweb-600x415.png\" alt class=\"lazyload img-responsive wp-image-21533\" srcset=\"data:image\/svg+xml,%3Csvg%20xmlns%3D%27http%3A%2F%2Fwww.w3.org%2F2000%2Fsvg%27%20width%3D%27740%27%20height%3D%27512%27%20viewBox%3D%270%200%20740%20512%27%3E%3Crect%20width%3D%27740%27%20height%3D%27512%27%20fill-opacity%3D%220%22%2F%3E%3C%2Fsvg%3E\" data-srcset=\"https:\/\/www.fiorifabi.ch\/wp-content\/uploads\/2019\/10\/casalingoweb-200x138.png 200w, https:\/\/www.fiorifabi.ch\/wp-content\/uploads\/2019\/10\/casalingoweb-400x277.png 400w, https:\/\/www.fiorifabi.ch\/wp-content\/uploads\/2019\/10\/casalingoweb-600x415.png 600w, https:\/\/www.fiorifabi.ch\/wp-content\/uploads\/2019\/10\/casalingoweb.png 740w\" data-sizes=\"auto\" data-orig-sizes=\"(max-width: 760px) 100vw, 600px\" \/><\/span><\/div><\/div><div class=\"fusion-clearfix\"><\/div><\/div><\/div><div class=\"fusion-layout-column fusion_builder_column fusion-builder-column-1 fusion_builder_column_1_2 1_2 fusion-one-half fusion-column-last\" style=\"--awb-bg-size:cover;width:50%;width:calc(50% - ( ( 4% ) * 0.5 ) );\"><div class=\"fusion-column-wrapper fusion-flex-column-wrapper-legacy\"><div class=\"fusion-sep-clear\"><\/div><div class=\"fusion-separator fusion-full-width-sep\" style=\"margin-left: auto;margin-right: auto;margin-top:40px;width:100%;\"><\/div><div class=\"fusion-sep-clear\"><\/div><div class=\"fusion-text fusion-text-1\"><p><span lang=\"FR-CH\">Le grand d\u00e9sir du Dr Edward Bach \u00e9tait de trouver une m\u00e9thode simple, sans douleur et universelle pour tous.<\/span><\/p>\n<p><b><span lang=\"FR-CH\">Fleures de Bach<\/span><\/b><\/p>\n<p><span lang=\"FR-CH\">Les Fleurs de Bach sont 38 rem\u00e8des floraux extraits de fleurs, buissons et arbres qui poussent librement dans la nature.<\/span><\/p>\n<p><span lang=\"FR-CH\">Ils agissent, par leurs vibrations \u00e9nerg\u00e9tiques, sur notre \u00e9tat d&rsquo;esprit \u00e9motionnel, donc sur notre esprit et notre corps physique.<\/span><\/p>\n<p><span lang=\"FR-CH\">Avec l&rsquo;aide des Fleurs de Bach, nous pouvons mieux comprendre et g\u00e9rer certains \u00e9tats \u00e9motionnels et prendre conscience de nos talents individuels.<\/span><\/p>\n<p><span lang=\"FR-CH\">En plus de jouer un r\u00f4le pr\u00e9ventif dans notre \u00e9tat de bien-\u00eatre \u00e9motionnel, gr\u00e2ce aux Fleurs de Bach, nous pouvons \u00e9galement aider nos enfants et nos animaux en les soutenant doucement et positivement dans leur cheminement de croissance.<\/span><\/p>\n<p><span lang=\"FR-CH\">Les Fleurs de Bach peuvent \u00eatre prises (ing\u00e9r\u00e9es) \u00e0 tout moment et ind\u00e9pendamment de toute autre th\u00e9rapie en cours.<\/span><\/p>\n<\/div><div class=\"fusion-clearfix\"><\/div><\/div><\/div><div class=\"fusion-layout-column fusion_builder_column fusion-builder-column-2 fusion_builder_column_1_1 1_1 fusion-one-full fusion-column-first fusion-column-last\" style=\"--awb-padding-top:40px;--awb-bg-size:cover;\"><div class=\"fusion-column-wrapper fusion-flex-column-wrapper-legacy\"><div class=\"fusion-text fusion-text-2\"><h2><span style=\"color: #f48c38;\">CATEGORIES PRODUITS<\/span><\/h2>\n<\/div><div class=\"fusion-sep-clear\"><\/div><div class=\"fusion-separator fusion-full-width-sep\" style=\"margin-left: auto;margin-right: auto;margin-top:20px;width:100%;\"><\/div><div class=\"fusion-sep-clear\"><\/div><div class=\"miacat\">\n<div class=\"woocommerce columns-4\"><ul class=\"products clearfix products-4\">\n<li class=\"product-category product first product-grid-view\">\n\t<div class=\"fusion-product-wrapper\">\n<a aria-label=\"Acc\u00e9der \u00e0 la cat\u00e9gorie de produits Australian Bush daily moisturiser\" href=\"https:\/\/www.fiorifabi.ch\/fr\/categorie-produit\/australian-bush-daily-moisturiser-fr\/\"><img class=\"lazyload\" decoding=\"async\" src=\"data:image\/gif;base64,R0lGODlhAQABAAAAACH5BAEKAAEALAAAAAABAAEAAAICTAEAOw==\" data-orig-src=\"https:\/\/www.fiorifabi.ch\/wp-content\/uploads\/woocommerce-placeholder-500x500.png\" alt=\"Australian Bush daily moisturiser\" width=\"500\" height=\"\" \/>\t\t<h2 class=\"woocommerce-loop-category__title\">\n\t\t\tAustralian Bush daily moisturiser <mark class=\"count\">(5)<\/mark>\t\t<\/h2>\n\t\t<\/a><\/div>\n<\/li>\n<li class=\"product-category product product-grid-view\">\n\t<div class=\"fusion-product-wrapper\">\n<a aria-label=\"Acc\u00e9der \u00e0 la cat\u00e9gorie de produits Australian Bush Flower combinations\" href=\"https:\/\/www.fiorifabi.ch\/fr\/categorie-produit\/australian-bush-flower-combinations-fr\/\"><img class=\"lazyload\" decoding=\"async\" src=\"data:image\/gif;base64,R0lGODlhAQABAAAAACH5BAEKAAEALAAAAAABAAEAAAICTAEAOw==\" data-orig-src=\"https:\/\/www.fiorifabi.ch\/wp-content\/uploads\/woocommerce-placeholder-500x500.png\" alt=\"Australian Bush Flower combinations\" width=\"500\" height=\"\" \/>\t\t<h2 class=\"woocommerce-loop-category__title\">\n\t\t\tAustralian Bush Flower combinations <mark class=\"count\">(23)<\/mark>\t\t<\/h2>\n\t\t<\/a><\/div>\n<\/li>\n<li class=\"product-category product product-grid-view\">\n\t<div class=\"fusion-product-wrapper\">\n<a aria-label=\"Acc\u00e9der \u00e0 la cat\u00e9gorie de produits Australian Bush Flower combinations oral spray\" href=\"https:\/\/www.fiorifabi.ch\/fr\/categorie-produit\/australian-bush-flower-combinations-oral-spray-fr\/\"><img class=\"lazyload\" decoding=\"async\" src=\"data:image\/gif;base64,R0lGODlhAQABAAAAACH5BAEKAAEALAAAAAABAAEAAAICTAEAOw==\" data-orig-src=\"https:\/\/www.fiorifabi.ch\/wp-content\/uploads\/woocommerce-placeholder-500x500.png\" alt=\"Australian Bush Flower combinations oral spray\" width=\"500\" height=\"\" \/>\t\t<h2 class=\"woocommerce-loop-category__title\">\n\t\t\tAustralian Bush Flower combinations oral spray <mark class=\"count\">(3)<\/mark>\t\t<\/h2>\n\t\t<\/a><\/div>\n<\/li>\n<li class=\"product-category product last product-grid-view\">\n\t<div class=\"fusion-product-wrapper\">\n<a aria-label=\"Acc\u00e9der \u00e0 la cat\u00e9gorie de produits Australian Bush Flower combinations skin mist spray\" href=\"https:\/\/www.fiorifabi.ch\/fr\/categorie-produit\/australian-bush-flower-combinations-skin-mist-spray-fr\/\"><img class=\"lazyload\" decoding=\"async\" src=\"data:image\/gif;base64,R0lGODlhAQABAAAAACH5BAEKAAEALAAAAAABAAEAAAICTAEAOw==\" data-orig-src=\"https:\/\/www.fiorifabi.ch\/wp-content\/uploads\/woocommerce-placeholder-500x500.png\" alt=\"Australian Bush Flower combinations skin mist spray\" width=\"500\" height=\"\" \/>\t\t<h2 class=\"woocommerce-loop-category__title\">\n\t\t\tAustralian Bush Flower combinations skin mist spray <mark class=\"count\">(6)<\/mark>\t\t<\/h2>\n\t\t<\/a><\/div>\n<\/li>\n<li class=\"product-category product first product-grid-view\">\n\t<div class=\"fusion-product-wrapper\">\n<a aria-label=\"Acc\u00e9der \u00e0 la cat\u00e9gorie de produits Australian Bush Flower Essences\" href=\"https:\/\/www.fiorifabi.ch\/fr\/categorie-produit\/australian-bush-flower-essences-fr\/\"><img class=\"lazyload\" decoding=\"async\" src=\"data:image\/gif;base64,R0lGODlhAQABAAAAACH5BAEKAAEALAAAAAABAAEAAAICTAEAOw==\" data-orig-src=\"https:\/\/www.fiorifabi.ch\/wp-content\/uploads\/woocommerce-placeholder-500x500.png\" alt=\"Australian Bush Flower Essences\" width=\"500\" height=\"\" \/>\t\t<h2 class=\"woocommerce-loop-category__title\">\n\t\t\tAustralian Bush Flower Essences <mark class=\"count\">(71)<\/mark>\t\t<\/h2>\n\t\t<\/a><\/div>\n<\/li>\n<li class=\"product-category product product-grid-view\">\n\t<div class=\"fusion-product-wrapper\">\n<a aria-label=\"Acc\u00e9der \u00e0 la cat\u00e9gorie de produits Australian Bush Flower SET\" href=\"https:\/\/www.fiorifabi.ch\/fr\/categorie-produit\/australian-bush-flower-set-fr\/\"><img class=\"lazyload\" decoding=\"async\" src=\"data:image\/gif;base64,R0lGODlhAQABAAAAACH5BAEKAAEALAAAAAABAAEAAAICTAEAOw==\" data-orig-src=\"https:\/\/www.fiorifabi.ch\/wp-content\/uploads\/woocommerce-placeholder-500x500.png\" alt=\"Australian Bush Flower SET\" width=\"500\" height=\"\" \/>\t\t<h2 class=\"woocommerce-loop-category__title\">\n\t\t\tAustralian Bush Flower SET <mark class=\"count\">(1)<\/mark>\t\t<\/h2>\n\t\t<\/a><\/div>\n<\/li>\n<li class=\"product-category product product-grid-view\">\n\t<div class=\"fusion-product-wrapper\">\n<a aria-label=\"Acc\u00e9der \u00e0 la cat\u00e9gorie de produits Healing Herbs Bach Essences\" href=\"https:\/\/www.fiorifabi.ch\/fr\/categorie-produit\/healing-herbs-bach-essences-fr\/\"><img class=\"lazyload\" decoding=\"async\" src=\"data:image\/gif;base64,R0lGODlhAQABAAAAACH5BAEKAAEALAAAAAABAAEAAAICTAEAOw==\" data-orig-src=\"https:\/\/www.fiorifabi.ch\/wp-content\/uploads\/woocommerce-placeholder-500x500.png\" alt=\"Healing Herbs Bach Essences\" width=\"500\" height=\"\" \/>\t\t<h2 class=\"woocommerce-loop-category__title\">\n\t\t\tHealing Herbs Bach Essences <mark class=\"count\">(38)<\/mark>\t\t<\/h2>\n\t\t<\/a><\/div>\n<\/li>\n<li class=\"product-category product last product-grid-view\">\n\t<div class=\"fusion-product-wrapper\">\n<a aria-label=\"Acc\u00e9der \u00e0 la cat\u00e9gorie de produits Healing Herbs Essences Set\" href=\"https:\/\/www.fiorifabi.ch\/fr\/categorie-produit\/healing-herbs-essences-set-fr\/\"><img class=\"lazyload\" decoding=\"async\" src=\"data:image\/gif;base64,R0lGODlhAQABAAAAACH5BAEKAAEALAAAAAABAAEAAAICTAEAOw==\" data-orig-src=\"https:\/\/www.fiorifabi.ch\/wp-content\/uploads\/woocommerce-placeholder-500x500.png\" alt=\"Healing Herbs Essences Set\" width=\"500\" height=\"\" \/>\t\t<h2 class=\"woocommerce-loop-category__title\">\n\t\t\tHealing Herbs Essences Set <mark class=\"count\">(2)<\/mark>\t\t<\/h2>\n\t\t<\/a><\/div>\n<\/li>\n<li class=\"product-category product first product-grid-view\">\n\t<div class=\"fusion-product-wrapper\">\n<a aria-label=\"Acc\u00e9der \u00e0 la cat\u00e9gorie de produits Healing Herbs RESCUE\" href=\"https:\/\/www.fiorifabi.ch\/fr\/categorie-produit\/healing-herbs-rescue-fra\/\"><img class=\"lazyload\" decoding=\"async\" src=\"data:image\/gif;base64,R0lGODlhAQABAAAAACH5BAEKAAEALAAAAAABAAEAAAICTAEAOw==\" data-orig-src=\"https:\/\/www.fiorifabi.ch\/wp-content\/uploads\/woocommerce-placeholder-500x500.png\" alt=\"Healing Herbs RESCUE\" width=\"500\" height=\"\" \/>\t\t<h2 class=\"woocommerce-loop-category__title\">\n\t\t\tHealing Herbs RESCUE <mark class=\"count\">(10)<\/mark>\t\t<\/h2>\n\t\t<\/a><\/div>\n<\/li>\n<li class=\"product-category product product-grid-view\">\n\t<div class=\"fusion-product-wrapper\">\n<a aria-label=\"Acc\u00e9der \u00e0 la cat\u00e9gorie de produits Healing Herbs RESCUE Cream\" href=\"https:\/\/www.fiorifabi.ch\/fr\/categorie-produit\/healing-herbs-rescue-fr\/\"><img class=\"lazyload\" decoding=\"async\" src=\"data:image\/gif;base64,R0lGODlhAQABAAAAACH5BAEKAAEALAAAAAABAAEAAAICTAEAOw==\" data-orig-src=\"https:\/\/www.fiorifabi.ch\/wp-content\/uploads\/woocommerce-placeholder-500x500.png\" alt=\"Healing Herbs RESCUE Cream\" width=\"500\" height=\"\" \/>\t\t<h2 class=\"woocommerce-loop-category__title\">\n\t\t\tHealing Herbs RESCUE Cream <mark class=\"count\">(4)<\/mark>\t\t<\/h2>\n\t\t<\/a><\/div>\n<\/li>\n<li class=\"product-category product product-grid-view\">\n\t<div class=\"fusion-product-wrapper\">\n<a aria-label=\"Acc\u00e9der \u00e0 la cat\u00e9gorie de produits libri\" href=\"https:\/\/www.fiorifabi.ch\/fr\/categoria-prodotto\/libri\/\"><img class=\"lazyload\" decoding=\"async\" src=\"data:image\/gif;base64,R0lGODlhAQABAAAAACH5BAEKAAEALAAAAAABAAEAAAICTAEAOw==\" data-orig-src=\"https:\/\/www.fiorifabi.ch\/wp-content\/uploads\/woocommerce-placeholder-500x500.png\" alt=\"libri\" width=\"500\" height=\"\" \/>\t\t<h2 class=\"woocommerce-loop-category__title\">\n\t\t\tlibri <mark class=\"count\">(1)<\/mark>\t\t<\/h2>\n\t\t<\/a><\/div>\n<\/li>\n<li class=\"product-category product last product-grid-view\">\n\t<div class=\"fusion-product-wrapper\">\n<a aria-label=\"Acc\u00e9der \u00e0 la cat\u00e9gorie de produits Parenting &amp; Childcare Remedies\" href=\"https:\/\/www.fiorifabi.ch\/fr\/categorie-produit\/australian-bush-flower-combinations-fr\/parenting-childcare-remedies-fr\/\"><img class=\"lazyload\" decoding=\"async\" src=\"data:image\/gif;base64,R0lGODlhAQABAAAAACH5BAEKAAEALAAAAAABAAEAAAICTAEAOw==\" data-orig-src=\"https:\/\/www.fiorifabi.ch\/wp-content\/uploads\/woocommerce-placeholder-500x500.png\" alt=\"Parenting &amp; Childcare Remedies\" width=\"500\" height=\"\" \/>\t\t<h2 class=\"woocommerce-loop-category__title\">\n\t\t\tParenting &amp; Childcare Remedies <mark class=\"count\">(3)<\/mark>\t\t<\/h2>\n\t\t<\/a><\/div>\n<\/li>\n<li class=\"product-category product first product-grid-view\">\n\t<div class=\"fusion-product-wrapper\">\n<a aria-label=\"Acc\u00e9der \u00e0 la cat\u00e9gorie de produits Practitioner Box\" href=\"https:\/\/www.fiorifabi.ch\/fr\/categorie-produit\/practitioner-box\/\"><img class=\"lazyload\" decoding=\"async\" src=\"data:image\/gif;base64,R0lGODlhAQABAAAAACH5BAEKAAEALAAAAAABAAEAAAICTAEAOw==\" data-orig-src=\"https:\/\/www.fiorifabi.ch\/wp-content\/uploads\/woocommerce-placeholder-500x500.png\" alt=\"Practitioner Box\" width=\"500\" height=\"\" \/>\t\t<h2 class=\"woocommerce-loop-category__title\">\n\t\t\tPractitioner Box <mark class=\"count\">(3)<\/mark>\t\t<\/h2>\n\t\t<\/a><\/div>\n<\/li>\n<li class=\"product-category product product-grid-view\">\n\t<div class=\"fusion-product-wrapper\">\n<a aria-label=\"Acc\u00e9der \u00e0 la cat\u00e9gorie de produits r\u00e9cipients - accessoires\" href=\"https:\/\/www.fiorifabi.ch\/fr\/categorie-produit\/recipients-accessoires\/\"><img class=\"lazyload\" decoding=\"async\" src=\"data:image\/gif;base64,R0lGODlhAQABAAAAACH5BAEKAAEALAAAAAABAAEAAAICTAEAOw==\" data-orig-src=\"https:\/\/www.fiorifabi.ch\/wp-content\/uploads\/woocommerce-placeholder-500x500.png\" alt=\"r\u00e9cipients - accessoires\" width=\"500\" height=\"\" \/>\t\t<h2 class=\"woocommerce-loop-category__title\">\n\t\t\tr\u00e9cipients - accessoires <mark class=\"count\">(21)<\/mark>\t\t<\/h2>\n\t\t<\/a><\/div>\n<\/li>\n<li class=\"product-category product product-grid-view\">\n\t<div class=\"fusion-product-wrapper\">\n<a aria-label=\"Acc\u00e9der \u00e0 la cat\u00e9gorie de produits SET Do it yourself\" href=\"https:\/\/www.fiorifabi.ch\/fr\/categorie-produit\/set-do-it-yourself\/\"><img class=\"lazyload\" decoding=\"async\" src=\"data:image\/gif;base64,R0lGODlhAQABAAAAACH5BAEKAAEALAAAAAABAAEAAAICTAEAOw==\" data-orig-src=\"https:\/\/www.fiorifabi.ch\/wp-content\/uploads\/woocommerce-placeholder-500x500.png\" alt=\"SET Do it yourself\" width=\"500\" height=\"\" \/>\t\t<h2 class=\"woocommerce-loop-category__title\">\n\t\t\tSET Do it yourself <mark class=\"count\">(2)<\/mark>\t\t<\/h2>\n\t\t<\/a><\/div>\n<\/li>\n<li class=\"product-category product last product-grid-view\">\n\t<div class=\"fusion-product-wrapper\">\n<a aria-label=\"Acc\u00e9der \u00e0 la cat\u00e9gorie de produits SET strat\u00e9giques fiorifabi.ch\" href=\"https:\/\/www.fiorifabi.ch\/fr\/categorie-produit\/set-strategiques-fiorifabi-ch\/\"><img class=\"lazyload\" decoding=\"async\" src=\"data:image\/gif;base64,R0lGODlhAQABAAAAACH5BAEKAAEALAAAAAABAAEAAAICTAEAOw==\" data-orig-src=\"https:\/\/www.fiorifabi.ch\/wp-content\/uploads\/woocommerce-placeholder-500x500.png\" alt=\"SET strat\u00e9giques fiorifabi.ch\" width=\"500\" height=\"\" \/>\t\t<h2 class=\"woocommerce-loop-category__title\">\n\t\t\tSET strat\u00e9giques fiorifabi.ch <mark class=\"count\">(3)<\/mark>\t\t<\/h2>\n\t\t<\/a><\/div>\n<\/li>\n<\/ul>\n<\/div>\n<\/div><div class=\"fusion-clearfix\"><\/div><\/div><\/div><\/div><\/div>\n","protected":false},"excerpt":{"rendered":"","protected":false},"author":1,"featured_media":0,"parent":0,"menu_order":0,"comment_status":"closed","ping_status":"closed","template":"","meta":{"footnotes":""},"class_list":["post-21506","page","type-page","status-publish","hentry"],"_links":{"self":[{"href":"https:\/\/www.fiorifabi.ch\/fr\/wp-json\/wp\/v2\/pages\/21506","targetHints":{"allow":["GET"]}}],"collection":[{"href":"https:\/\/www.fiorifabi.ch\/fr\/wp-json\/wp\/v2\/pages"}],"about":[{"href":"https:\/\/www.fiorifabi.ch\/fr\/wp-json\/wp\/v2\/types\/page"}],"author":[{"embeddable":true,"href":"https:\/\/www.fiorifabi.ch\/fr\/wp-json\/wp\/v2\/users\/1"}],"replies":[{"embeddable":true,"href":"https:\/\/www.fiorifabi.ch\/fr\/wp-json\/wp\/v2\/comments?post=21506"}],"version-history":[{"count":5,"href":"https:\/\/www.fiorifabi.ch\/fr\/wp-json\/wp\/v2\/pages\/21506\/revisions"}],"predecessor-version":[{"id":23401,"href":"https:\/\/www.fiorifabi.ch\/fr\/wp-json\/wp\/v2\/pages\/21506\/revisions\/23401"}],"wp:attachment":[{"href":"https:\/\/www.fiorifabi.ch\/fr\/wp-json\/wp\/v2\/media?parent=21506"}],"curies":[{"name":"wp","href":"https:\/\/api.w.org\/{rel}","templated":true}]}}