{"id":23585,"date":"2021-01-27T16:15:29","date_gmt":"2021-01-27T15:15:29","guid":{"rendered":"https:\/\/www.fiorifabi.ch\/?post_type=product&#038;p=23585"},"modified":"2021-01-27T22:44:33","modified_gmt":"2021-01-27T21:44:33","slug":"kunststoffpipette-30-ml-copia","status":"publish","type":"product","link":"https:\/\/www.fiorifabi.ch\/de\/produkt\/kunststoffpipette-30-ml-copia\/","title":{"rendered":"Glaspipette 30 ml weiss &#8211; f\u00fcr blaue Glasfl\u00e4schchen"},"content":{"rendered":"<p>Glaspipette 30 ml weiss &#8211; f\u00fcr blaue Glasfl\u00e4schchen<\/p>\n","protected":false},"excerpt":{"rendered":"<p>Glaspipette 30 ml weiss &#8211; f\u00fcr blaue Glasfl\u00e4schchen<\/p>\n","protected":false},"featured_media":23531,"comment_status":"open","ping_status":"closed","template":"","meta":[],"product_brand":[],"product_cat":[167],"product_tag":[],"class_list":{"0":"post-23585","1":"product","2":"type-product","3":"status-publish","4":"has-post-thumbnail","6":"product_cat-behaelter-zubehoer","8":"first","9":"instock","10":"shipping-taxable","11":"purchasable","12":"product-type-simple"},"_links":{"self":[{"href":"https:\/\/www.fiorifabi.ch\/de\/wp-json\/wp\/v2\/product\/23585","targetHints":{"allow":["GET"]}}],"collection":[{"href":"https:\/\/www.fiorifabi.ch\/de\/wp-json\/wp\/v2\/product"}],"about":[{"href":"https:\/\/www.fiorifabi.ch\/de\/wp-json\/wp\/v2\/types\/product"}],"replies":[{"embeddable":true,"href":"https:\/\/www.fiorifabi.ch\/de\/wp-json\/wp\/v2\/comments?post=23585"}],"wp:featuredmedia":[{"embeddable":true,"href":"https:\/\/www.fiorifabi.ch\/de\/wp-json\/wp\/v2\/media\/23531"}],"wp:attachment":[{"href":"https:\/\/www.fiorifabi.ch\/de\/wp-json\/wp\/v2\/media?parent=23585"}],"wp:term":[{"taxonomy":"product_brand","embeddable":true,"href":"https:\/\/www.fiorifabi.ch\/de\/wp-json\/wp\/v2\/product_brand?post=23585"},{"taxonomy":"product_cat","embeddable":true,"href":"https:\/\/www.fiorifabi.ch\/de\/wp-json\/wp\/v2\/product_cat?post=23585"},{"taxonomy":"product_tag","embeddable":true,"href":"https:\/\/www.fiorifabi.ch\/de\/wp-json\/wp\/v2\/product_tag?post=23585"}],"curies":[{"name":"wp","href":"https:\/\/api.w.org\/{rel}","templated":true}]}}