{"id":21812,"date":"2020-01-04T19:59:54","date_gmt":"2020-01-04T18:59:54","guid":{"rendered":"http:\/\/fiorifabi.ch\/product\/bottigliette-per-miscele-vetro-blu-con-nebulizzatore\/"},"modified":"2020-05-06T12:40:16","modified_gmt":"2020-05-06T10:40:16","slug":"bottigliette-per-miscele-vetro-blu-con-nebulizzatore","status":"publish","type":"product","link":"https:\/\/www.fiorifabi.ch\/de\/produkt\/bottigliette-per-miscele-vetro-blu-con-nebulizzatore\/","title":{"rendered":"Glasfl\u00e4schchen blau &#8211; Zerst\u00e4uber"},"content":{"rendered":"<p>Glasfl\u00e4schchen blau &#8211; Zerst\u00e4uber<\/p>\n","protected":false},"excerpt":{"rendered":"<p>Glasfl\u00e4schchen blau &#8211; Zerst\u00e4uber<\/p>\n","protected":false},"featured_media":21813,"comment_status":"open","ping_status":"closed","template":"","meta":[],"product_brand":[],"product_cat":[167],"product_tag":[],"class_list":{"0":"post-21812","1":"product","2":"type-product","3":"status-publish","4":"has-post-thumbnail","6":"product_cat-behaelter-zubehoer","8":"first","9":"instock","10":"shipping-taxable","11":"purchasable","12":"product-type-variable","13":"has-default-attributes"},"_links":{"self":[{"href":"https:\/\/www.fiorifabi.ch\/de\/wp-json\/wp\/v2\/product\/21812","targetHints":{"allow":["GET"]}}],"collection":[{"href":"https:\/\/www.fiorifabi.ch\/de\/wp-json\/wp\/v2\/product"}],"about":[{"href":"https:\/\/www.fiorifabi.ch\/de\/wp-json\/wp\/v2\/types\/product"}],"replies":[{"embeddable":true,"href":"https:\/\/www.fiorifabi.ch\/de\/wp-json\/wp\/v2\/comments?post=21812"}],"wp:featuredmedia":[{"embeddable":true,"href":"https:\/\/www.fiorifabi.ch\/de\/wp-json\/wp\/v2\/media\/21813"}],"wp:attachment":[{"href":"https:\/\/www.fiorifabi.ch\/de\/wp-json\/wp\/v2\/media?parent=21812"}],"wp:term":[{"taxonomy":"product_brand","embeddable":true,"href":"https:\/\/www.fiorifabi.ch\/de\/wp-json\/wp\/v2\/product_brand?post=21812"},{"taxonomy":"product_cat","embeddable":true,"href":"https:\/\/www.fiorifabi.ch\/de\/wp-json\/wp\/v2\/product_cat?post=21812"},{"taxonomy":"product_tag","embeddable":true,"href":"https:\/\/www.fiorifabi.ch\/de\/wp-json\/wp\/v2\/product_tag?post=21812"}],"curies":[{"name":"wp","href":"https:\/\/api.w.org\/{rel}","templated":true}]}}