{"id":21507,"date":"2019-10-23T17:18:58","date_gmt":"2019-10-23T15:18:58","guid":{"rendered":"http:\/\/fiorifabi.ch\/uso-casalingo\/"},"modified":"2020-10-01T09:22:25","modified_gmt":"2020-10-01T07:22:25","slug":"uso-casalingo","status":"publish","type":"page","link":"https:\/\/www.fiorifabi.ch\/de\/uso-casalingo\/","title":{"rendered":"Produkte f\u00fcr den unabh\u00e4ngigen  Heimgebrauch"},"content":{"rendered":"<div class=\"fusion-fullwidth fullwidth-box fusion-builder-row-1 nonhundred-percent-fullwidth non-hundred-percent-height-scrolling\" style=\"--awb-border-radius-top-left:0px;--awb-border-radius-top-right:0px;--awb-border-radius-bottom-right:0px;--awb-border-radius-bottom-left:0px;--awb-flex-wrap:wrap;\" ><div class=\"fusion-builder-row fusion-row\"><div class=\"fusion-layout-column fusion_builder_column fusion-builder-column-0 fusion_builder_column_1_2 1_2 fusion-one-half fusion-column-first\" style=\"--awb-bg-size:cover;width:50%;width:calc(50% - ( ( 4% ) * 0.5 ) );margin-right: 4%;\"><div class=\"fusion-column-wrapper fusion-flex-column-wrapper-legacy\"><div class=\"fusion-sep-clear\"><\/div><div class=\"fusion-separator fusion-full-width-sep\" style=\"margin-left: auto;margin-right: auto;margin-top:110px;width:100%;\"><\/div><div class=\"fusion-sep-clear\"><\/div><div class=\"fusion-image-element fusion-image-align-center in-legacy-container\" style=\"text-align:center;--awb-caption-title-font-family:var(--h2_typography-font-family);--awb-caption-title-font-weight:var(--h2_typography-font-weight);--awb-caption-title-font-style:var(--h2_typography-font-style);--awb-caption-title-size:var(--h2_typography-font-size);--awb-caption-title-transform:var(--h2_typography-text-transform);--awb-caption-title-line-height:var(--h2_typography-line-height);--awb-caption-title-letter-spacing:var(--h2_typography-letter-spacing);\"><div class=\"imageframe-align-center\"><span class=\" fusion-imageframe imageframe-none imageframe-1 hover-type-none\"><img decoding=\"async\" width=\"600\" height=\"415\" title=\"casalingoweb\" src=\"https:\/\/www.fiorifabi.ch\/wp-content\/uploads\/2019\/10\/casalingoweb.png\" data-orig-src=\"http:\/\/fiorifabi.ch\/wp-content\/uploads\/2019\/10\/casalingoweb-600x415.png\" alt class=\"lazyload img-responsive wp-image-21552\" srcset=\"data:image\/svg+xml,%3Csvg%20xmlns%3D%27http%3A%2F%2Fwww.w3.org%2F2000%2Fsvg%27%20width%3D%27740%27%20height%3D%27512%27%20viewBox%3D%270%200%20740%20512%27%3E%3Crect%20width%3D%27740%27%20height%3D%27512%27%20fill-opacity%3D%220%22%2F%3E%3C%2Fsvg%3E\" data-srcset=\"https:\/\/www.fiorifabi.ch\/wp-content\/uploads\/2019\/10\/casalingoweb-200x138.png 200w, https:\/\/www.fiorifabi.ch\/wp-content\/uploads\/2019\/10\/casalingoweb-400x277.png 400w, https:\/\/www.fiorifabi.ch\/wp-content\/uploads\/2019\/10\/casalingoweb-600x415.png 600w, https:\/\/www.fiorifabi.ch\/wp-content\/uploads\/2019\/10\/casalingoweb.png 740w\" data-sizes=\"auto\" data-orig-sizes=\"(max-width: 760px) 100vw, 600px\" \/><\/span><\/div><\/div><div class=\"fusion-clearfix\"><\/div><\/div><\/div><div class=\"fusion-layout-column fusion_builder_column fusion-builder-column-1 fusion_builder_column_1_2 1_2 fusion-one-half fusion-column-last\" style=\"--awb-bg-size:cover;width:50%;width:calc(50% - ( ( 4% ) * 0.5 ) );\"><div class=\"fusion-column-wrapper fusion-flex-column-wrapper-legacy\"><div class=\"fusion-sep-clear\"><\/div><div class=\"fusion-separator fusion-full-width-sep\" style=\"margin-left: auto;margin-right: auto;margin-top:40px;width:100%;\"><\/div><div class=\"fusion-sep-clear\"><\/div><div class=\"fusion-text fusion-text-1\"><p><span lang=\"DE-CH\">Der grosse Wunsch von Dr. Edward Bachs war es, eine einfache, schmerzlose und universelle Methode f\u00fcr alle zu finden.<\/span><\/p>\n<p><b><span lang=\"DE-CH\">Bachbl\u00fcten<\/span><\/b><\/p>\n<p><span lang=\"DE-CH\">Die Bachbl\u00fcten sind 38 Bl\u00fctenmittel, die aus Bl\u00fcten, B\u00fcschen und B\u00e4umen herausgezogen werden und frei in der Natur wachsen. <\/span><\/p>\n<p><span lang=\"DE-CH\">Mit ihren energetischen Schwingungen wirken sie auf unseren emotionalen Geisteszustand, folglich auch auf unseren Geist und K\u00f6rper.<\/span><\/p>\n<p>Dank der Bachbl\u00fctenhilfe, k\u00f6nnen wir bestimmte emotionale Zust\u00e4nde besser verstehen und unserer individuellen Talente bewusst werden.<\/p>\n<p>Zu der Wirkung und\u00a0vorbeugen des emotionalen Wohlbefindens durch die Bachbl\u00fcten, kann man auch unseren Kindern sowie unseren Tieren helfen, indem wir sie sanft und positiv auf ihrem Wachstumspfad unterst\u00fctzen d\u00fcrfen.<\/p>\n<p><span lang=\"DE-CH\">Bachbl\u00fcten k\u00f6nnen jederzeit und unabh\u00e4ngig von jeder anderen Therapie eingenommen werden.<\/span><\/p>\n<\/div><div class=\"fusion-clearfix\"><\/div><\/div><\/div><div class=\"fusion-layout-column fusion_builder_column fusion-builder-column-2 fusion_builder_column_1_1 1_1 fusion-one-full fusion-column-first fusion-column-last\" style=\"--awb-padding-top:40px;--awb-bg-size:cover;\"><div class=\"fusion-column-wrapper fusion-flex-column-wrapper-legacy\"><div class=\"fusion-text fusion-text-2\"><h2><span style=\"color: #f48c38;\">KATEGORIE PRODUKTE<\/span><\/h2>\n<\/div><div class=\"fusion-sep-clear\"><\/div><div class=\"fusion-separator fusion-full-width-sep\" style=\"margin-left: auto;margin-right: auto;margin-top:20px;width:100%;\"><\/div><div class=\"fusion-sep-clear\"><\/div><div class=\"miacat\">\n<div class=\"woocommerce columns-4\"><ul class=\"products clearfix products-4\">\n<li class=\"product-category product first product-grid-view\">\n\t<div class=\"fusion-product-wrapper\">\n<a aria-label=\"Produktkategorie Australian Bush daily moisturiser besuchen\" href=\"https:\/\/www.fiorifabi.ch\/de\/produkt-kategorie\/australian-bush-daily-moisturiser-de\/\"><img class=\"lazyload\" decoding=\"async\" src=\"data:image\/gif;base64,R0lGODlhAQABAAAAACH5BAEKAAEALAAAAAABAAEAAAICTAEAOw==\" data-orig-src=\"https:\/\/www.fiorifabi.ch\/wp-content\/uploads\/woocommerce-placeholder-500x500.png\" alt=\"Australian Bush daily moisturiser\" width=\"500\" height=\"\" \/>\t\t<h2 class=\"woocommerce-loop-category__title\">\n\t\t\tAustralian Bush daily moisturiser <mark class=\"count\">(5)<\/mark>\t\t<\/h2>\n\t\t<\/a><\/div>\n<\/li>\n<li class=\"product-category product product-grid-view\">\n\t<div class=\"fusion-product-wrapper\">\n<a aria-label=\"Produktkategorie Australian Bush Flower combinations oral spray besuchen\" href=\"https:\/\/www.fiorifabi.ch\/de\/produkt-kategorie\/australian-bush-flower-combinations-oral-spray-de\/\"><img class=\"lazyload\" decoding=\"async\" src=\"data:image\/gif;base64,R0lGODlhAQABAAAAACH5BAEKAAEALAAAAAABAAEAAAICTAEAOw==\" data-orig-src=\"https:\/\/www.fiorifabi.ch\/wp-content\/uploads\/woocommerce-placeholder-500x500.png\" alt=\"Australian Bush Flower combinations oral spray\" width=\"500\" height=\"\" \/>\t\t<h2 class=\"woocommerce-loop-category__title\">\n\t\t\tAustralian Bush Flower combinations oral spray <mark class=\"count\">(3)<\/mark>\t\t<\/h2>\n\t\t<\/a><\/div>\n<\/li>\n<li class=\"product-category product product-grid-view\">\n\t<div class=\"fusion-product-wrapper\">\n<a aria-label=\"Produktkategorie Australian Bush Flower combinations skin mist spray besuchen\" href=\"https:\/\/www.fiorifabi.ch\/de\/produkt-kategorie\/australian-bush-flower-combinations-skin-mist-spray-de\/\"><img class=\"lazyload\" decoding=\"async\" src=\"data:image\/gif;base64,R0lGODlhAQABAAAAACH5BAEKAAEALAAAAAABAAEAAAICTAEAOw==\" data-orig-src=\"https:\/\/www.fiorifabi.ch\/wp-content\/uploads\/woocommerce-placeholder-500x500.png\" alt=\"Australian Bush Flower combinations skin mist spray\" width=\"500\" height=\"\" \/>\t\t<h2 class=\"woocommerce-loop-category__title\">\n\t\t\tAustralian Bush Flower combinations skin mist spray <mark class=\"count\">(6)<\/mark>\t\t<\/h2>\n\t\t<\/a><\/div>\n<\/li>\n<li class=\"product-category product last product-grid-view\">\n\t<div class=\"fusion-product-wrapper\">\n<a aria-label=\"Produktkategorie Australian Bush Flower Essences besuchen\" href=\"https:\/\/www.fiorifabi.ch\/de\/produkt-kategorie\/australian-bush-flower-essences-de\/\"><img class=\"lazyload\" decoding=\"async\" src=\"data:image\/gif;base64,R0lGODlhAQABAAAAACH5BAEKAAEALAAAAAABAAEAAAICTAEAOw==\" data-orig-src=\"https:\/\/www.fiorifabi.ch\/wp-content\/uploads\/woocommerce-placeholder-500x500.png\" alt=\"Australian Bush Flower Essences\" width=\"500\" height=\"\" \/>\t\t<h2 class=\"woocommerce-loop-category__title\">\n\t\t\tAustralian Bush Flower Essences <mark class=\"count\">(71)<\/mark>\t\t<\/h2>\n\t\t<\/a><\/div>\n<\/li>\n<li class=\"product-category product first product-grid-view\">\n\t<div class=\"fusion-product-wrapper\">\n<a aria-label=\"Produktkategorie Australian Bush Flower Parenting &amp; Child combinations besuchen\" href=\"https:\/\/www.fiorifabi.ch\/de\/produkt-kategorie\/australian-bush-flower-combinations-de\/\"><img class=\"lazyload\" decoding=\"async\" src=\"data:image\/gif;base64,R0lGODlhAQABAAAAACH5BAEKAAEALAAAAAABAAEAAAICTAEAOw==\" data-orig-src=\"https:\/\/www.fiorifabi.ch\/wp-content\/uploads\/woocommerce-placeholder-500x500.png\" alt=\"Australian Bush Flower Parenting &amp; Child combinations\" width=\"500\" height=\"\" \/>\t\t<h2 class=\"woocommerce-loop-category__title\">\n\t\t\tAustralian Bush Flower Parenting &amp; Child combinations <mark class=\"count\">(23)<\/mark>\t\t<\/h2>\n\t\t<\/a><\/div>\n<\/li>\n<li class=\"product-category product product-grid-view\">\n\t<div class=\"fusion-product-wrapper\">\n<a aria-label=\"Produktkategorie Australian Bush Flower SET besuchen\" href=\"https:\/\/www.fiorifabi.ch\/de\/produkt-kategorie\/australian-bush-flower-set-de\/\"><img class=\"lazyload\" decoding=\"async\" src=\"data:image\/gif;base64,R0lGODlhAQABAAAAACH5BAEKAAEALAAAAAABAAEAAAICTAEAOw==\" data-orig-src=\"https:\/\/www.fiorifabi.ch\/wp-content\/uploads\/woocommerce-placeholder-500x500.png\" alt=\"Australian Bush Flower SET\" width=\"500\" height=\"\" \/>\t\t<h2 class=\"woocommerce-loop-category__title\">\n\t\t\tAustralian Bush Flower SET <mark class=\"count\">(1)<\/mark>\t\t<\/h2>\n\t\t<\/a><\/div>\n<\/li>\n<li class=\"product-category product product-grid-view\">\n\t<div class=\"fusion-product-wrapper\">\n<a aria-label=\"Produktkategorie beh\u00e4lter - zubeh\u00f6r besuchen\" href=\"https:\/\/www.fiorifabi.ch\/de\/produkt-kategorie\/behaelter-zubehoer\/\"><img class=\"lazyload\" decoding=\"async\" src=\"data:image\/gif;base64,R0lGODlhAQABAAAAACH5BAEKAAEALAAAAAABAAEAAAICTAEAOw==\" data-orig-src=\"https:\/\/www.fiorifabi.ch\/wp-content\/uploads\/woocommerce-placeholder-500x500.png\" alt=\"beh\u00e4lter - zubeh\u00f6r\" width=\"500\" height=\"\" \/>\t\t<h2 class=\"woocommerce-loop-category__title\">\n\t\t\tbeh\u00e4lter - zubeh\u00f6r <mark class=\"count\">(21)<\/mark>\t\t<\/h2>\n\t\t<\/a><\/div>\n<\/li>\n<li class=\"product-category product last product-grid-view\">\n\t<div class=\"fusion-product-wrapper\">\n<a aria-label=\"Produktkategorie Healing Herbs Bach Essences besuchen\" href=\"https:\/\/www.fiorifabi.ch\/de\/produkt-kategorie\/healing-herbs-bach-essences-de\/\"><img class=\"lazyload\" decoding=\"async\" src=\"data:image\/gif;base64,R0lGODlhAQABAAAAACH5BAEKAAEALAAAAAABAAEAAAICTAEAOw==\" data-orig-src=\"https:\/\/www.fiorifabi.ch\/wp-content\/uploads\/woocommerce-placeholder-500x500.png\" alt=\"Healing Herbs Bach Essences\" width=\"500\" height=\"\" \/>\t\t<h2 class=\"woocommerce-loop-category__title\">\n\t\t\tHealing Herbs Bach Essences <mark class=\"count\">(38)<\/mark>\t\t<\/h2>\n\t\t<\/a><\/div>\n<\/li>\n<li class=\"product-category product first product-grid-view\">\n\t<div class=\"fusion-product-wrapper\">\n<a aria-label=\"Produktkategorie Healing Herbs Essences Set besuchen\" href=\"https:\/\/www.fiorifabi.ch\/de\/produkt-kategorie\/healing-herbs-essences-set-de\/\"><img class=\"lazyload\" decoding=\"async\" src=\"data:image\/gif;base64,R0lGODlhAQABAAAAACH5BAEKAAEALAAAAAABAAEAAAICTAEAOw==\" data-orig-src=\"https:\/\/www.fiorifabi.ch\/wp-content\/uploads\/woocommerce-placeholder-500x500.png\" alt=\"Healing Herbs Essences Set\" width=\"500\" height=\"\" \/>\t\t<h2 class=\"woocommerce-loop-category__title\">\n\t\t\tHealing Herbs Essences Set <mark class=\"count\">(2)<\/mark>\t\t<\/h2>\n\t\t<\/a><\/div>\n<\/li>\n<li class=\"product-category product product-grid-view\">\n\t<div class=\"fusion-product-wrapper\">\n<a aria-label=\"Produktkategorie Healing Herbs RESCUE besuchen\" href=\"https:\/\/www.fiorifabi.ch\/de\/produkt-kategorie\/healing-herbs-rescue-deu\/\"><img class=\"lazyload\" decoding=\"async\" src=\"data:image\/gif;base64,R0lGODlhAQABAAAAACH5BAEKAAEALAAAAAABAAEAAAICTAEAOw==\" data-orig-src=\"https:\/\/www.fiorifabi.ch\/wp-content\/uploads\/woocommerce-placeholder-500x500.png\" alt=\"Healing Herbs RESCUE\" width=\"500\" height=\"\" \/>\t\t<h2 class=\"woocommerce-loop-category__title\">\n\t\t\tHealing Herbs RESCUE <mark class=\"count\">(10)<\/mark>\t\t<\/h2>\n\t\t<\/a><\/div>\n<\/li>\n<li class=\"product-category product product-grid-view\">\n\t<div class=\"fusion-product-wrapper\">\n<a aria-label=\"Produktkategorie Healing Herbs RESCUE Cream besuchen\" href=\"https:\/\/www.fiorifabi.ch\/de\/produkt-kategorie\/healing-herbs-rescue-de\/\"><img class=\"lazyload\" decoding=\"async\" src=\"data:image\/gif;base64,R0lGODlhAQABAAAAACH5BAEKAAEALAAAAAABAAEAAAICTAEAOw==\" data-orig-src=\"https:\/\/www.fiorifabi.ch\/wp-content\/uploads\/woocommerce-placeholder-500x500.png\" alt=\"Healing Herbs RESCUE Cream\" width=\"500\" height=\"\" \/>\t\t<h2 class=\"woocommerce-loop-category__title\">\n\t\t\tHealing Herbs RESCUE Cream <mark class=\"count\">(4)<\/mark>\t\t<\/h2>\n\t\t<\/a><\/div>\n<\/li>\n<li class=\"product-category product last product-grid-view\">\n\t<div class=\"fusion-product-wrapper\">\n<a aria-label=\"Produktkategorie libri besuchen\" href=\"https:\/\/www.fiorifabi.ch\/de\/categoria-prodotto\/libri\/\"><img class=\"lazyload\" decoding=\"async\" src=\"data:image\/gif;base64,R0lGODlhAQABAAAAACH5BAEKAAEALAAAAAABAAEAAAICTAEAOw==\" data-orig-src=\"https:\/\/www.fiorifabi.ch\/wp-content\/uploads\/woocommerce-placeholder-500x500.png\" alt=\"libri\" width=\"500\" height=\"\" \/>\t\t<h2 class=\"woocommerce-loop-category__title\">\n\t\t\tlibri <mark class=\"count\">(1)<\/mark>\t\t<\/h2>\n\t\t<\/a><\/div>\n<\/li>\n<li class=\"product-category product first product-grid-view\">\n\t<div class=\"fusion-product-wrapper\">\n<a aria-label=\"Produktkategorie Parenting &amp; Childcare Remedies besuchen\" href=\"https:\/\/www.fiorifabi.ch\/de\/produkt-kategorie\/australian-bush-flower-combinations-de\/parenting-childcare-remedies-de\/\"><img class=\"lazyload\" decoding=\"async\" src=\"data:image\/gif;base64,R0lGODlhAQABAAAAACH5BAEKAAEALAAAAAABAAEAAAICTAEAOw==\" data-orig-src=\"https:\/\/www.fiorifabi.ch\/wp-content\/uploads\/woocommerce-placeholder-500x500.png\" alt=\"Parenting &amp; Childcare Remedies\" width=\"500\" height=\"\" \/>\t\t<h2 class=\"woocommerce-loop-category__title\">\n\t\t\tParenting &amp; Childcare Remedies <mark class=\"count\">(3)<\/mark>\t\t<\/h2>\n\t\t<\/a><\/div>\n<\/li>\n<li class=\"product-category product product-grid-view\">\n\t<div class=\"fusion-product-wrapper\">\n<a aria-label=\"Produktkategorie Practitioner Box besuchen\" href=\"https:\/\/www.fiorifabi.ch\/de\/produkt-kategorie\/practitioner-box-de\/\"><img class=\"lazyload\" decoding=\"async\" src=\"data:image\/gif;base64,R0lGODlhAQABAAAAACH5BAEKAAEALAAAAAABAAEAAAICTAEAOw==\" data-orig-src=\"https:\/\/www.fiorifabi.ch\/wp-content\/uploads\/woocommerce-placeholder-500x500.png\" alt=\"Practitioner Box\" width=\"500\" height=\"\" \/>\t\t<h2 class=\"woocommerce-loop-category__title\">\n\t\t\tPractitioner Box <mark class=\"count\">(3)<\/mark>\t\t<\/h2>\n\t\t<\/a><\/div>\n<\/li>\n<li class=\"product-category product product-grid-view\">\n\t<div class=\"fusion-product-wrapper\">\n<a aria-label=\"Produktkategorie SET Do it yourself besuchen\" href=\"https:\/\/www.fiorifabi.ch\/de\/produkt-kategorie\/set-do-it-yourself-de\/\"><img class=\"lazyload\" decoding=\"async\" src=\"data:image\/gif;base64,R0lGODlhAQABAAAAACH5BAEKAAEALAAAAAABAAEAAAICTAEAOw==\" data-orig-src=\"https:\/\/www.fiorifabi.ch\/wp-content\/uploads\/woocommerce-placeholder-500x500.png\" alt=\"SET Do it yourself\" width=\"500\" height=\"\" \/>\t\t<h2 class=\"woocommerce-loop-category__title\">\n\t\t\tSET Do it yourself <mark class=\"count\">(2)<\/mark>\t\t<\/h2>\n\t\t<\/a><\/div>\n<\/li>\n<li class=\"product-category product last product-grid-view\">\n\t<div class=\"fusion-product-wrapper\">\n<a aria-label=\"Produktkategorie strategische SET fiorifabi.ch besuchen\" href=\"https:\/\/www.fiorifabi.ch\/de\/produkt-kategorie\/strategische-set-fiorifabi-ch\/\"><img class=\"lazyload\" decoding=\"async\" src=\"data:image\/gif;base64,R0lGODlhAQABAAAAACH5BAEKAAEALAAAAAABAAEAAAICTAEAOw==\" data-orig-src=\"https:\/\/www.fiorifabi.ch\/wp-content\/uploads\/woocommerce-placeholder-500x500.png\" alt=\"strategische SET fiorifabi.ch\" width=\"500\" height=\"\" \/>\t\t<h2 class=\"woocommerce-loop-category__title\">\n\t\t\tstrategische SET fiorifabi.ch <mark class=\"count\">(3)<\/mark>\t\t<\/h2>\n\t\t<\/a><\/div>\n<\/li>\n<\/ul>\n<\/div>\n<\/div><div class=\"fusion-clearfix\"><\/div><\/div><\/div><\/div><\/div>\n","protected":false},"excerpt":{"rendered":"","protected":false},"author":1,"featured_media":0,"parent":0,"menu_order":0,"comment_status":"closed","ping_status":"closed","template":"","meta":{"footnotes":""},"class_list":["post-21507","page","type-page","status-publish","hentry"],"_links":{"self":[{"href":"https:\/\/www.fiorifabi.ch\/de\/wp-json\/wp\/v2\/pages\/21507","targetHints":{"allow":["GET"]}}],"collection":[{"href":"https:\/\/www.fiorifabi.ch\/de\/wp-json\/wp\/v2\/pages"}],"about":[{"href":"https:\/\/www.fiorifabi.ch\/de\/wp-json\/wp\/v2\/types\/page"}],"author":[{"embeddable":true,"href":"https:\/\/www.fiorifabi.ch\/de\/wp-json\/wp\/v2\/users\/1"}],"replies":[{"embeddable":true,"href":"https:\/\/www.fiorifabi.ch\/de\/wp-json\/wp\/v2\/comments?post=21507"}],"version-history":[{"count":5,"href":"https:\/\/www.fiorifabi.ch\/de\/wp-json\/wp\/v2\/pages\/21507\/revisions"}],"predecessor-version":[{"id":22934,"href":"https:\/\/www.fiorifabi.ch\/de\/wp-json\/wp\/v2\/pages\/21507\/revisions\/22934"}],"wp:attachment":[{"href":"https:\/\/www.fiorifabi.ch\/de\/wp-json\/wp\/v2\/media?parent=21507"}],"curies":[{"name":"wp","href":"https:\/\/api.w.org\/{rel}","templated":true}]}}