{"id":21491,"date":"2019-03-28T15:43:24","date_gmt":"2019-03-28T14:43:24","guid":{"rendered":"http:\/\/fiorifabi.ch\/terapisti\/"},"modified":"2020-10-01T09:21:59","modified_gmt":"2020-10-01T07:21:59","slug":"produkte-und-behaelter","status":"publish","type":"page","link":"https:\/\/www.fiorifabi.ch\/de\/produkte-und-behaelter\/","title":{"rendered":"Produkte und behaelter"},"content":{"rendered":"<div class=\"fusion-fullwidth fullwidth-box fusion-builder-row-1 nonhundred-percent-fullwidth non-hundred-percent-height-scrolling\" style=\"--awb-border-radius-top-left:0px;--awb-border-radius-top-right:0px;--awb-border-radius-bottom-right:0px;--awb-border-radius-bottom-left:0px;--awb-flex-wrap:wrap;\" ><div class=\"fusion-builder-row fusion-row\"><div class=\"fusion-layout-column fusion_builder_column fusion-builder-column-0 fusion_builder_column_1_2 1_2 fusion-one-half fusion-column-first\" style=\"--awb-bg-size:cover;width:50%;width:calc(50% - ( ( 4% ) * 0.5 ) );margin-right: 4%;\"><div class=\"fusion-column-wrapper fusion-flex-column-wrapper-legacy\"><div class=\"fusion-image-element fusion-image-align-center in-legacy-container\" style=\"text-align:center;--awb-caption-title-font-family:var(--h2_typography-font-family);--awb-caption-title-font-weight:var(--h2_typography-font-weight);--awb-caption-title-font-style:var(--h2_typography-font-style);--awb-caption-title-size:var(--h2_typography-font-size);--awb-caption-title-transform:var(--h2_typography-text-transform);--awb-caption-title-line-height:var(--h2_typography-line-height);--awb-caption-title-letter-spacing:var(--h2_typography-letter-spacing);\"><div class=\"imageframe-align-center\"><span class=\" fusion-imageframe imageframe-none imageframe-1 hover-type-none\"><img decoding=\"async\" width=\"740\" height=\"503\" title=\"terapisti_TEDE\" src=\"https:\/\/www.fiorifabi.ch\/wp-content\/uploads\/2020\/09\/terapisti_TEDE.png\" data-orig-src=\"https:\/\/www.fiorifabi.ch\/wp-content\/uploads\/2020\/09\/terapisti_TEDE.png\" alt class=\"lazyload img-responsive wp-image-23256\" srcset=\"data:image\/svg+xml,%3Csvg%20xmlns%3D%27http%3A%2F%2Fwww.w3.org%2F2000%2Fsvg%27%20width%3D%27740%27%20height%3D%27503%27%20viewBox%3D%270%200%20740%20503%27%3E%3Crect%20width%3D%27740%27%20height%3D%27503%27%20fill-opacity%3D%220%22%2F%3E%3C%2Fsvg%3E\" data-srcset=\"https:\/\/www.fiorifabi.ch\/wp-content\/uploads\/2020\/09\/terapisti_TEDE-200x136.png 200w, https:\/\/www.fiorifabi.ch\/wp-content\/uploads\/2020\/09\/terapisti_TEDE-400x272.png 400w, https:\/\/www.fiorifabi.ch\/wp-content\/uploads\/2020\/09\/terapisti_TEDE-600x408.png 600w, https:\/\/www.fiorifabi.ch\/wp-content\/uploads\/2020\/09\/terapisti_TEDE.png 740w\" data-sizes=\"auto\" data-orig-sizes=\"(max-width: 760px) 100vw, 600px\" \/><\/span><\/div><\/div><div class=\"fusion-clearfix\"><\/div><\/div><\/div><div class=\"fusion-layout-column fusion_builder_column fusion-builder-column-1 fusion_builder_column_1_2 1_2 fusion-one-half fusion-column-last\" style=\"--awb-bg-size:cover;width:50%;width:calc(50% - ( ( 4% ) * 0.5 ) );\"><div class=\"fusion-column-wrapper fusion-flex-column-wrapper-legacy\"><div class=\"fusion-sep-clear\"><\/div><div class=\"fusion-separator fusion-full-width-sep\" style=\"margin-left: auto;margin-right: auto;margin-top:60px;width:100%;\"><\/div><div class=\"fusion-sep-clear\"><\/div><div class=\"fusion-text fusion-text-1\"><p><span lang=\"DE-CH\">Dank meiner langj\u00e4hrigen Erfahrung in der Verkaufsberatung ist es mein Ziel, die Lieferung von Grundstoffen zu erleichtern: Von Glasfl\u00e4schchen bis zu den verschiedenen Bl\u00fctenessenzen, die ich bereits in meinen Lager habe und du in meinem \u201eOnline Shop&#8220; sehen kannst. <\/span><\/p>\n<p><span lang=\"DE-CH\">F\u00fcr alle andere Produkte, die du nicht findest, stehe ich selbstverst\u00e4ndlich zur Verf\u00fcgung und helfe dir gerne auf der Suche nach deinen Artikeln.<\/span><\/p>\n<p><a href=\"mailto:info@fiorifabi.ch\"><u>Hier klicken, um ein Email zu senden<\/u><\/a><\/p>\n<\/div><div class=\"fusion-clearfix\"><\/div><\/div><\/div><div class=\"fusion-layout-column fusion_builder_column fusion-builder-column-2 fusion_builder_column_1_1 1_1 fusion-one-full fusion-column-first fusion-column-last\" style=\"--awb-padding-top:40px;--awb-bg-size:cover;\"><div class=\"fusion-column-wrapper fusion-flex-column-wrapper-legacy\"><div class=\"fusion-text fusion-text-2\"><h2><span style=\"color: #f48c38;\">PRODUKTKATEGORIEN<\/span><\/h2>\n<\/div><div class=\"fusion-sep-clear\"><\/div><div class=\"fusion-separator fusion-full-width-sep\" style=\"margin-left: auto;margin-right: auto;margin-top:20px;width:100%;\"><\/div><div class=\"fusion-sep-clear\"><\/div><div class=\"fusion-clearfix\"><\/div><\/div><\/div><div class=\"fusion-layout-column fusion_builder_column fusion-builder-column-3 fusion_builder_column_1_4 1_4 fusion-one-fourth fusion-column-first\" style=\"--awb-bg-size:cover;width:25%;width:calc(25% - ( ( 4% + 4% + 4% ) * 0.25 ) );margin-right: 4%;\"><div class=\"fusion-column-wrapper fusion-column-has-shadow fusion-flex-column-wrapper-legacy\"><div class=\"fusion-image-element in-legacy-container\" style=\"--awb-caption-title-font-family:var(--h2_typography-font-family);--awb-caption-title-font-weight:var(--h2_typography-font-weight);--awb-caption-title-font-style:var(--h2_typography-font-style);--awb-caption-title-size:var(--h2_typography-font-size);--awb-caption-title-transform:var(--h2_typography-text-transform);--awb-caption-title-line-height:var(--h2_typography-line-height);--awb-caption-title-letter-spacing:var(--h2_typography-letter-spacing);\"><span class=\" fusion-imageframe imageframe-none imageframe-2 hover-type-none\"><a class=\"fusion-no-lightbox\" href=\"http:\/\/fiorifabi.ch\/de\/shop\/\" target=\"_self\" aria-label=\"Bush Flower Sensuality spray 50 ml\"><img decoding=\"async\" width=\"2253\" height=\"2253\" src=\"https:\/\/www.fiorifabi.ch\/wp-content\/uploads\/2019\/08\/Bush-Flower-Sensuality-spray-50-ml.jpg\" data-orig-src=\"https:\/\/www.fiorifabi.ch\/wp-content\/uploads\/2019\/08\/Bush-Flower-Sensuality-spray-50-ml.jpg\" alt class=\"lazyload img-responsive wp-image-22019\" srcset=\"data:image\/svg+xml,%3Csvg%20xmlns%3D%27http%3A%2F%2Fwww.w3.org%2F2000%2Fsvg%27%20width%3D%272253%27%20height%3D%272253%27%20viewBox%3D%270%200%202253%202253%27%3E%3Crect%20width%3D%272253%27%20height%3D%272253%27%20fill-opacity%3D%220%22%2F%3E%3C%2Fsvg%3E\" data-srcset=\"https:\/\/www.fiorifabi.ch\/wp-content\/uploads\/2019\/08\/Bush-Flower-Sensuality-spray-50-ml-200x200.jpg 200w, https:\/\/www.fiorifabi.ch\/wp-content\/uploads\/2019\/08\/Bush-Flower-Sensuality-spray-50-ml-400x400.jpg 400w, https:\/\/www.fiorifabi.ch\/wp-content\/uploads\/2019\/08\/Bush-Flower-Sensuality-spray-50-ml-600x600.jpg 600w, https:\/\/www.fiorifabi.ch\/wp-content\/uploads\/2019\/08\/Bush-Flower-Sensuality-spray-50-ml-800x800.jpg 800w, https:\/\/www.fiorifabi.ch\/wp-content\/uploads\/2019\/08\/Bush-Flower-Sensuality-spray-50-ml-1200x1200.jpg 1200w, https:\/\/www.fiorifabi.ch\/wp-content\/uploads\/2019\/08\/Bush-Flower-Sensuality-spray-50-ml.jpg 2253w\" data-sizes=\"auto\" data-orig-sizes=\"(max-width: 760px) 100vw, 2253px\" \/><\/a><\/span><\/div><div class=\"fusion-text fusion-text-3\"><h3><a href=\"http:\/\/fiorifabi.ch\/de\/shop\/\"><span style=\"color: #f48c38; font-size: 24px;\">Australian Bush<\/span><\/a><\/h3>\n<\/div><div class=\"fusion-clearfix\"><\/div><\/div><\/div><div class=\"fusion-layout-column fusion_builder_column fusion-builder-column-4 fusion_builder_column_1_4 1_4 fusion-one-fourth\" style=\"--awb-bg-size:cover;width:25%;width:calc(25% - ( ( 4% + 4% + 4% ) * 0.25 ) );margin-right: 4%;\"><div class=\"fusion-column-wrapper fusion-column-has-shadow fusion-flex-column-wrapper-legacy\"><div class=\"fusion-image-element in-legacy-container\" style=\"--awb-caption-title-font-family:var(--h2_typography-font-family);--awb-caption-title-font-weight:var(--h2_typography-font-weight);--awb-caption-title-font-style:var(--h2_typography-font-style);--awb-caption-title-size:var(--h2_typography-font-size);--awb-caption-title-transform:var(--h2_typography-text-transform);--awb-caption-title-line-height:var(--h2_typography-line-height);--awb-caption-title-letter-spacing:var(--h2_typography-letter-spacing);\"><span class=\" fusion-imageframe imageframe-none imageframe-3 hover-type-none\"><a class=\"fusion-no-lightbox\" href=\"http:\/\/fiorifabi.ch\/de\/shop\/\" target=\"_self\" aria-label=\"Healing Herbs Century 30 ml\"><img decoding=\"async\" width=\"2221\" height=\"2221\" src=\"https:\/\/www.fiorifabi.ch\/wp-content\/uploads\/2019\/11\/Healing-Herbs-Century-30-ml.jpg\" data-orig-src=\"https:\/\/www.fiorifabi.ch\/wp-content\/uploads\/2019\/11\/Healing-Herbs-Century-30-ml.jpg\" alt class=\"lazyload img-responsive wp-image-22828\" srcset=\"data:image\/svg+xml,%3Csvg%20xmlns%3D%27http%3A%2F%2Fwww.w3.org%2F2000%2Fsvg%27%20width%3D%272221%27%20height%3D%272221%27%20viewBox%3D%270%200%202221%202221%27%3E%3Crect%20width%3D%272221%27%20height%3D%272221%27%20fill-opacity%3D%220%22%2F%3E%3C%2Fsvg%3E\" data-srcset=\"https:\/\/www.fiorifabi.ch\/wp-content\/uploads\/2019\/11\/Healing-Herbs-Century-30-ml-200x200.jpg 200w, https:\/\/www.fiorifabi.ch\/wp-content\/uploads\/2019\/11\/Healing-Herbs-Century-30-ml-400x400.jpg 400w, https:\/\/www.fiorifabi.ch\/wp-content\/uploads\/2019\/11\/Healing-Herbs-Century-30-ml-600x600.jpg 600w, https:\/\/www.fiorifabi.ch\/wp-content\/uploads\/2019\/11\/Healing-Herbs-Century-30-ml-800x800.jpg 800w, https:\/\/www.fiorifabi.ch\/wp-content\/uploads\/2019\/11\/Healing-Herbs-Century-30-ml-1200x1200.jpg 1200w, https:\/\/www.fiorifabi.ch\/wp-content\/uploads\/2019\/11\/Healing-Herbs-Century-30-ml.jpg 2221w\" data-sizes=\"auto\" data-orig-sizes=\"(max-width: 760px) 100vw, 400px\" \/><\/a><\/span><\/div><div class=\"fusion-text fusion-text-4\"><h3><a href=\"http:\/\/fiorifabi.ch\/de\/shop\/\"><span style=\"color: #f48c38; font-size: 24px;\">Healing Herbs<\/span><\/a><\/h3>\n<\/div><div class=\"fusion-clearfix\"><\/div><\/div><\/div><div class=\"fusion-layout-column fusion_builder_column fusion-builder-column-5 fusion_builder_column_1_4 1_4 fusion-one-fourth\" style=\"--awb-bg-size:cover;width:25%;width:calc(25% - ( ( 4% + 4% + 4% ) * 0.25 ) );margin-right: 4%;\"><div class=\"fusion-column-wrapper fusion-column-has-shadow fusion-flex-column-wrapper-legacy\"><div class=\"fusion-image-element in-legacy-container\" style=\"--awb-caption-title-font-family:var(--h2_typography-font-family);--awb-caption-title-font-weight:var(--h2_typography-font-weight);--awb-caption-title-font-style:var(--h2_typography-font-style);--awb-caption-title-size:var(--h2_typography-font-size);--awb-caption-title-transform:var(--h2_typography-text-transform);--awb-caption-title-line-height:var(--h2_typography-line-height);--awb-caption-title-letter-spacing:var(--h2_typography-letter-spacing);\"><span class=\" fusion-imageframe imageframe-none imageframe-4 hover-type-none\"><a class=\"fusion-no-lightbox\" href=\"http:\/\/fiorifabi.ch\/de\/shop\/\" target=\"_self\" aria-label=\"fiorifabi.ch SET do it yourself 2\"><img decoding=\"async\" width=\"2560\" height=\"2560\" src=\"https:\/\/www.fiorifabi.ch\/wp-content\/uploads\/2019\/11\/fiorifabi.ch-SET-do-it-yourself-2--scaled.jpg\" data-orig-src=\"http:\/\/fiorifabi.ch\/wp-content\/uploads\/2019\/11\/fiorifabi.ch-SET-do-it-yourself-2--scaled.jpg\" alt class=\"lazyload img-responsive wp-image-21705\" srcset=\"data:image\/svg+xml,%3Csvg%20xmlns%3D%27http%3A%2F%2Fwww.w3.org%2F2000%2Fsvg%27%20width%3D%272560%27%20height%3D%272560%27%20viewBox%3D%270%200%202560%202560%27%3E%3Crect%20width%3D%272560%27%20height%3D%272560%27%20fill-opacity%3D%220%22%2F%3E%3C%2Fsvg%3E\" data-srcset=\"https:\/\/www.fiorifabi.ch\/wp-content\/uploads\/2019\/11\/fiorifabi.ch-SET-do-it-yourself-2--200x200.jpg 200w, https:\/\/www.fiorifabi.ch\/wp-content\/uploads\/2019\/11\/fiorifabi.ch-SET-do-it-yourself-2--400x400.jpg 400w, https:\/\/www.fiorifabi.ch\/wp-content\/uploads\/2019\/11\/fiorifabi.ch-SET-do-it-yourself-2--600x600.jpg 600w, https:\/\/www.fiorifabi.ch\/wp-content\/uploads\/2019\/11\/fiorifabi.ch-SET-do-it-yourself-2--800x800.jpg 800w, https:\/\/www.fiorifabi.ch\/wp-content\/uploads\/2019\/11\/fiorifabi.ch-SET-do-it-yourself-2--1200x1200.jpg 1200w, https:\/\/www.fiorifabi.ch\/wp-content\/uploads\/2019\/11\/fiorifabi.ch-SET-do-it-yourself-2--scaled.jpg 2560w\" data-sizes=\"auto\" data-orig-sizes=\"(max-width: 760px) 100vw, 400px\" \/><\/a><\/span><\/div><div class=\"fusion-text fusion-text-5\"><h3><a href=\"http:\/\/fiorifabi.ch\/de\/shop\/\"><span style=\"color: #f48c38; font-size: 24px;\">Strategische SET<\/span><\/a><\/h3>\n<\/div><div class=\"fusion-clearfix\"><\/div><\/div><\/div><div class=\"fusion-layout-column fusion_builder_column fusion-builder-column-6 fusion_builder_column_1_4 1_4 fusion-one-fourth fusion-column-last\" style=\"--awb-bg-size:cover;width:25%;width:calc(25% - ( ( 4% + 4% + 4% ) * 0.25 ) );\"><div class=\"fusion-column-wrapper fusion-column-has-shadow fusion-flex-column-wrapper-legacy\"><div class=\"fusion-image-element in-legacy-container\" style=\"--awb-caption-title-font-family:var(--h2_typography-font-family);--awb-caption-title-font-weight:var(--h2_typography-font-weight);--awb-caption-title-font-style:var(--h2_typography-font-style);--awb-caption-title-size:var(--h2_typography-font-size);--awb-caption-title-transform:var(--h2_typography-text-transform);--awb-caption-title-line-height:var(--h2_typography-line-height);--awb-caption-title-letter-spacing:var(--h2_typography-letter-spacing);\"><span class=\" fusion-imageframe imageframe-none imageframe-5 hover-type-none\"><a class=\"fusion-no-lightbox\" href=\"http:\/\/fiorifabi.ch\/de\/shop\/\" target=\"_self\" aria-label=\"Brown glass bottle &#038; pipette 30 ml.\"><img decoding=\"async\" width=\"2560\" height=\"2560\" src=\"https:\/\/www.fiorifabi.ch\/wp-content\/uploads\/2019\/10\/Brown-glass-bottle-pipette-30-ml.-scaled.jpg\" data-orig-src=\"http:\/\/fiorifabi.ch\/wp-content\/uploads\/2019\/10\/Brown-glass-bottle-pipette-30-ml.-scaled.jpg\" alt class=\"lazyload img-responsive wp-image-22864\" srcset=\"data:image\/svg+xml,%3Csvg%20xmlns%3D%27http%3A%2F%2Fwww.w3.org%2F2000%2Fsvg%27%20width%3D%272560%27%20height%3D%272560%27%20viewBox%3D%270%200%202560%202560%27%3E%3Crect%20width%3D%272560%27%20height%3D%272560%27%20fill-opacity%3D%220%22%2F%3E%3C%2Fsvg%3E\" data-srcset=\"https:\/\/www.fiorifabi.ch\/wp-content\/uploads\/2019\/10\/Brown-glass-bottle-pipette-30-ml.-200x200.jpg 200w, https:\/\/www.fiorifabi.ch\/wp-content\/uploads\/2019\/10\/Brown-glass-bottle-pipette-30-ml.-400x400.jpg 400w, https:\/\/www.fiorifabi.ch\/wp-content\/uploads\/2019\/10\/Brown-glass-bottle-pipette-30-ml.-600x600.jpg 600w, https:\/\/www.fiorifabi.ch\/wp-content\/uploads\/2019\/10\/Brown-glass-bottle-pipette-30-ml.-800x800.jpg 800w, https:\/\/www.fiorifabi.ch\/wp-content\/uploads\/2019\/10\/Brown-glass-bottle-pipette-30-ml.-1200x1200.jpg 1200w, https:\/\/www.fiorifabi.ch\/wp-content\/uploads\/2019\/10\/Brown-glass-bottle-pipette-30-ml.-scaled.jpg 2560w\" data-sizes=\"auto\" data-orig-sizes=\"(max-width: 760px) 100vw, 400px\" \/><\/a><\/span><\/div><div class=\"fusion-text fusion-text-6\"><h3><a href=\"http:\/\/fiorifabi.ch\/de\/shop\/\"><span style=\"color: #f48c38; font-size: 24px;\">Zubeh\u00f6r<\/span><\/a><\/h3>\n<\/div><div class=\"fusion-clearfix\"><\/div><\/div><\/div><\/div><\/div>\n","protected":false},"excerpt":{"rendered":"","protected":false},"author":1,"featured_media":0,"parent":0,"menu_order":0,"comment_status":"closed","ping_status":"closed","template":"","meta":{"footnotes":""},"class_list":["post-21491","page","type-page","status-publish","hentry"],"_links":{"self":[{"href":"https:\/\/www.fiorifabi.ch\/de\/wp-json\/wp\/v2\/pages\/21491","targetHints":{"allow":["GET"]}}],"collection":[{"href":"https:\/\/www.fiorifabi.ch\/de\/wp-json\/wp\/v2\/pages"}],"about":[{"href":"https:\/\/www.fiorifabi.ch\/de\/wp-json\/wp\/v2\/types\/page"}],"author":[{"embeddable":true,"href":"https:\/\/www.fiorifabi.ch\/de\/wp-json\/wp\/v2\/users\/1"}],"replies":[{"embeddable":true,"href":"https:\/\/www.fiorifabi.ch\/de\/wp-json\/wp\/v2\/comments?post=21491"}],"version-history":[{"count":20,"href":"https:\/\/www.fiorifabi.ch\/de\/wp-json\/wp\/v2\/pages\/21491\/revisions"}],"predecessor-version":[{"id":23408,"href":"https:\/\/www.fiorifabi.ch\/de\/wp-json\/wp\/v2\/pages\/21491\/revisions\/23408"}],"wp:attachment":[{"href":"https:\/\/www.fiorifabi.ch\/de\/wp-json\/wp\/v2\/media?parent=21491"}],"curies":[{"name":"wp","href":"https:\/\/api.w.org\/{rel}","templated":true}]}}